{"id":343,"date":"2018-03-22T13:33:58","date_gmt":"2018-03-22T11:33:58","guid":{"rendered":"http:\/\/nofate.ro\/?page_id=343"},"modified":"2018-08-01T16:10:26","modified_gmt":"2018-08-01T14:10:26","slug":"fooldal","status":"publish","type":"page","link":"https:\/\/nofate.ro\/ro\/","title":{"rendered":"Home"},"content":{"rendered":"\n<div id=\"rev_slider_4_1_wrapper\" class=\"rev_slider_wrapper fullwidthbanner-container\" data-source=\"gallery\" style=\"margin:0px auto;background:transparent;padding:0px;margin-top:0px;margin-bottom:0px;\">\n<!-- START REVOLUTION SLIDER 5.4.6.3 fullwidth mode -->\n\t<div id=\"rev_slider_4_1\" class=\"rev_slider fullwidthabanner\" style=\"display:none;\" data-version=\"5.4.6.3\">\n<ul>\t<!-- SLIDE  -->\n\t<li data-index=\"rs-9\" data-transition=\"fadefromright\" data-slotamount=\"default\" data-hideafterloop=\"0\" data-hideslideonmobile=\"off\"  data-easein=\"default\" data-easeout=\"default\" data-masterspeed=\"default\"  data-thumb=\"https:\/\/nofate.ro\/wp-content\/uploads\/2018\/03\/slide1-100x50.jpg\"  data-delay=\"7999\"  data-rotate=\"0\"  data-fstransition=\"fade\" data-fsmasterspeed=\"1500\" data-fsslotamount=\"7\" data-saveperformance=\"off\"  data-title=\"Nofate\" data-param1=\"\" data-param2=\"\" data-param3=\"\" data-param4=\"\" data-param5=\"\" data-param6=\"\" data-param7=\"\" data-param8=\"\" data-param9=\"\" data-param10=\"\" data-description=\"\">\n\t\t<!-- MAIN IMAGE -->\n\t\t<img src=\"https:\/\/nofate.ro\/wp-content\/uploads\/2018\/03\/slide1.jpg\"  alt=\"\" title=\"slide1\"  width=\"1920\" height=\"1280\" data-bgposition=\"center center\" data-bgfit=\"cover\" data-bgrepeat=\"no-repeat\" data-bgparallax=\"10\" class=\"rev-slidebg\" data-no-retina>\n\t\t<!-- LAYERS -->\n\t<\/li>\n\t<!-- SLIDE  -->\n\t<li data-index=\"rs-10\" data-transition=\"fadefromright\" data-slotamount=\"default\" data-hideafterloop=\"0\" data-hideslideonmobile=\"off\"  data-easein=\"default\" data-easeout=\"default\" data-masterspeed=\"default\"  data-thumb=\"https:\/\/nofate.ro\/wp-content\/uploads\/2018\/03\/slide2-100x50.jpeg\"  data-delay=\"7999\"  data-rotate=\"0\"  data-saveperformance=\"off\"  data-title=\"Car\" data-param1=\"\" data-param2=\"\" data-param3=\"\" data-param4=\"\" data-param5=\"\" data-param6=\"\" data-param7=\"\" data-param8=\"\" data-param9=\"\" data-param10=\"\" data-description=\"\">\n\t\t<!-- MAIN IMAGE -->\n\t\t<img src=\"https:\/\/nofate.ro\/wp-content\/uploads\/2018\/03\/slide2.jpeg\"  alt=\"\" title=\"slide2\"  width=\"1920\" height=\"1280\" data-bgposition=\"center center\" data-bgfit=\"cover\" data-bgrepeat=\"no-repeat\" data-bgparallax=\"10\" class=\"rev-slidebg\" data-no-retina>\n\t\t<!-- LAYERS -->\n\t<\/li>\n\t<!-- SLIDE  -->\n\t<li data-index=\"rs-11\" data-transition=\"fadefromright\" data-slotamount=\"default\" data-hideafterloop=\"0\" data-hideslideonmobile=\"off\"  data-easein=\"default\" data-easeout=\"default\" data-masterspeed=\"default\"  data-thumb=\"https:\/\/nofate.ro\/wp-content\/uploads\/2018\/03\/slide3-100x50.jpeg\"  data-delay=\"7999\"  data-rotate=\"0\"  data-saveperformance=\"off\"  data-title=\"Rental\" data-param1=\"\" data-param2=\"\" data-param3=\"\" data-param4=\"\" data-param5=\"\" data-param6=\"\" data-param7=\"\" data-param8=\"\" data-param9=\"\" data-param10=\"\" data-description=\"\">\n\t\t<!-- MAIN IMAGE -->\n\t\t<img src=\"https:\/\/nofate.ro\/wp-content\/uploads\/2018\/03\/slide3.jpeg\"  alt=\"\" title=\"slide3\"  width=\"1920\" height=\"1280\" data-bgposition=\"center center\" data-kenburns=\"on\" data-duration=\"30000\" data-ease=\"Linear.easeNone\" data-scalestart=\"100\" data-scaleend=\"120\" data-rotatestart=\"0\" data-rotateend=\"0\" data-blurstart=\"0\" data-blurend=\"0\" data-offsetstart=\"0 0\" data-offsetend=\"0 0\" data-bgparallax=\"10\" class=\"rev-slidebg\" data-no-retina>\n\t\t<!-- LAYERS -->\n\t<\/li>\n<\/ul>\n<script>var htmlDiv = document.getElementById(\"rs-plugin-settings-inline-css\"); var htmlDivCss=\"\";\r\n\t\t\t\t\t\tif(htmlDiv) {\r\n\t\t\t\t\t\t\thtmlDiv.innerHTML = htmlDiv.innerHTML + htmlDivCss;\r\n\t\t\t\t\t\t}else{\r\n\t\t\t\t\t\t\tvar htmlDiv = document.createElement(\"div\");\r\n\t\t\t\t\t\t\thtmlDiv.innerHTML = \"<style>\" + htmlDivCss + \"<\/style>\";\r\n\t\t\t\t\t\t\tdocument.getElementsByTagName(\"head\")[0].appendChild(htmlDiv.childNodes[0]);\r\n\t\t\t\t\t\t}\r\n\t\t\t\t\t<\/script>\n<div class=\"tp-bannertimer\" style=\"height: 7px; background: rgba(255,255,255,0.25);\"><\/div>\t<\/div>\n<script>var htmlDiv = document.getElementById(\"rs-plugin-settings-inline-css\"); var htmlDivCss=\"\";\r\n\t\t\t\tif(htmlDiv) {\r\n\t\t\t\t\thtmlDiv.innerHTML = htmlDiv.innerHTML + htmlDivCss;\r\n\t\t\t\t}else{\r\n\t\t\t\t\tvar htmlDiv = document.createElement(\"div\");\r\n\t\t\t\t\thtmlDiv.innerHTML = \"<style>\" + htmlDivCss + \"<\/style>\";\r\n\t\t\t\t\tdocument.getElementsByTagName(\"head\")[0].appendChild(htmlDiv.childNodes[0]);\r\n\t\t\t\t}\r\n\t\t\t<\/script>\n\t\t<script type=\"text\/javascript\">\r\nsetREVStartSize({c: jQuery('#rev_slider_4_1'), responsiveLevels: [1240,1024,778,480], gridwidth: [1240,1024,778,480], gridheight: [600,600,500,400], sliderLayout: 'fullwidth'});\r\n\t\t\t\r\nvar revapi4,\r\n\ttpj=jQuery;\r\n\t\t\t\r\ntpj(document).ready(function() {\n\tif(tpj(\"#rev_slider_4_1\").revolution == undefined){\n\t\trevslider_showDoubleJqueryError(\"#rev_slider_4_1\");\n\t}else{\n\t\trevapi4 = tpj(\"#rev_slider_4_1\").show().revolution({\n\t\t\tsliderType:\"standard\",\n\t\t\tjsFileLocation:\"\/\/nofate.ro\/wp-content\/plugins\/revslider\/public\/assets\/js\/\",\n\t\t\tsliderLayout:\"fullwidth\",\n\t\t\tdottedOverlay:\"none\",\n\t\t\tdelay:9000,\n\t\t\tnavigation: {\n\t\t\t\tkeyboardNavigation:\"off\",\n\t\t\t\tkeyboard_direction: \"horizontal\",\n\t\t\t\tmouseScrollNavigation:\"off\",\n \t\t\t\t\t\t\tmouseScrollReverse:\"default\",\n\t\t\t\tonHoverStop:\"off\",\n\t\t\t\ttouch:{\n\t\t\t\t\ttouchenabled:\"on\",\n\t\t\t\t\ttouchOnDesktop:\"off\",\n\t\t\t\t\tswipe_threshold: 75,\n\t\t\t\t\tswipe_min_touches: 1,\n\t\t\t\t\tswipe_direction: \"horizontal\",\n\t\t\t\t\tdrag_block_vertical: false\n\t\t\t\t}\n\t\t\t\t,\n\t\t\t\tarrows: {\n\t\t\t\t\tstyle:\"zeus\",\n\t\t\t\t\tenable:true,\n\t\t\t\t\thide_onmobile:true,\n\t\t\t\t\thide_under:600,\n\t\t\t\t\thide_onleave:true,\n\t\t\t\t\thide_delay:200,\n\t\t\t\t\thide_delay_mobile:1200,\n\t\t\t\t\ttmp:'<div class=\"tp-title-wrap\">  \t<div class=\"tp-arr-imgholder\"><\/div> <\/div>',\n\t\t\t\t\tleft: {\n\t\t\t\t\t\th_align:\"left\",\n\t\t\t\t\t\tv_align:\"center\",\n\t\t\t\t\t\th_offset:30,\n\t\t\t\t\t\tv_offset:0\n\t\t\t\t\t},\n\t\t\t\t\tright: {\n\t\t\t\t\t\th_align:\"right\",\n\t\t\t\t\t\tv_align:\"center\",\n\t\t\t\t\t\th_offset:30,\n\t\t\t\t\t\tv_offset:0\n\t\t\t\t\t}\n\t\t\t\t}\n\t\t\t\t,\n\t\t\t\tbullets: {\n\t\t\t\t\tenable:true,\n\t\t\t\t\thide_onmobile:true,\n\t\t\t\t\thide_under:600,\n\t\t\t\t\tstyle:\"metis\",\n\t\t\t\t\thide_onleave:true,\n\t\t\t\t\thide_delay:200,\n\t\t\t\t\thide_delay_mobile:1200,\n\t\t\t\t\tdirection:\"horizontal\",\n\t\t\t\t\th_align:\"center\",\n\t\t\t\t\tv_align:\"bottom\",\n\t\t\t\t\th_offset:0,\n\t\t\t\t\tv_offset:30,\n\t\t\t\t\tspace:5,\n\t\t\t\t\ttmp:'<span class=\"tp-bullet-img-wrap\">  <span class=\"tp-bullet-image\"><\/span><\/span><span class=\"tp-bullet-title\">{{title}}<\/span>'\n\t\t\t\t}\n\t\t\t},\n\t\t\tviewPort: {\n\t\t\t\tenable:true,\n\t\t\t\toutof:\"pause\",\n\t\t\t\tvisible_area:\"80%\",\n\t\t\t\tpresize:false\n\t\t\t},\n\t\t\tresponsiveLevels:[1240,1024,778,480],\n\t\t\tvisibilityLevels:[1240,1024,778,480],\n\t\t\tgridwidth:[1240,1024,778,480],\n\t\t\tgridheight:[600,600,500,400],\n\t\t\tlazyType:\"none\",\n\t\t\tparallax: {\n\t\t\t\ttype:\"mouse\",\n\t\t\t\torigo:\"slidercenter\",\n\t\t\t\tspeed:2000,\n\t\t\t\tspeedbg:0,\n\t\t\t\tspeedls:0,\n\t\t\t\tlevels:[2,3,4,5,6,7,12,16,10,50,47,48,49,50,51,55],\n\t\t\t},\n\t\t\tshadow:0,\n\t\t\tspinner:\"off\",\n\t\t\tstopLoop:\"off\",\n\t\t\tstopAfterLoops:-1,\n\t\t\tstopAtSlide:-1,\n\t\t\tshuffle:\"off\",\n\t\t\tautoHeight:\"off\",\n\t\t\thideThumbsOnMobile:\"off\",\n\t\t\thideSliderAtLimit:0,\n\t\t\thideCaptionAtLimit:0,\n\t\t\thideAllCaptionAtLilmit:0,\n\t\t\tdebugMode:false,\n\t\t\tfallbacks: {\n\t\t\t\tsimplifyAll:\"off\",\n\t\t\t\tnextSlideOnWindowFocus:\"off\",\n\t\t\t\tdisableFocusListener:false,\n\t\t\t}\n\t\t});\n\t}\n\t\n});\t\/*ready*\/\n<\/script>\r\n\t\t<script>\r\n\t\t\t\t\tvar htmlDivCss = unescape(\"%23rev_slider_4_1%20.zeus.tparrows%20%7B%0A%20%20cursor%3Apointer%3B%0A%20%20min-width%3A70px%3B%0A%20%20min-height%3A70px%3B%0A%20%20position%3Aabsolute%3B%0A%20%20display%3Ablock%3B%0A%20%20z-index%3A100%3B%0A%20%20border-radius%3A50%25%3B%20%20%20%0A%20%20overflow%3Ahidden%3B%0A%20%20background%3Argba%280%2C0%2C0%2C0.1%29%3B%0A%7D%0A%0A%23rev_slider_4_1%20.zeus.tparrows%3Abefore%20%7B%0A%20%20font-family%3A%20%22revicons%22%3B%0A%20%20font-size%3A20px%3B%0A%20%20color%3Argb%28255%2C%20255%2C%20255%29%3B%0A%20%20display%3Ablock%3B%0A%20%20line-height%3A%2070px%3B%0A%20%20text-align%3A%20center%3B%20%20%20%20%0A%20%20z-index%3A2%3B%0A%20%20position%3Arelative%3B%0A%7D%0A%23rev_slider_4_1%20.zeus.tparrows.tp-leftarrow%3Abefore%20%7B%0A%20%20content%3A%20%22%5Ce824%22%3B%0A%7D%0A%23rev_slider_4_1%20.zeus.tparrows.tp-rightarrow%3Abefore%20%7B%0A%20%20content%3A%20%22%5Ce825%22%3B%0A%7D%0A%0A%23rev_slider_4_1%20.zeus%20.tp-title-wrap%20%7B%0A%20%20background%3Argba%280%2C0%2C0%2C0.5%29%3B%0A%20%20width%3A100%25%3B%0A%20%20height%3A100%25%3B%0A%20%20top%3A0px%3B%0A%20%20left%3A0px%3B%0A%20%20position%3Aabsolute%3B%0A%20%20opacity%3A0%3B%0A%20%20transform%3Ascale%280%29%3B%0A%20%20-webkit-transform%3Ascale%280%29%3B%0A%20%20%20transition%3A%20all%200.3s%3B%0A%20%20-webkit-transition%3Aall%200.3s%3B%0A%20%20-moz-transition%3Aall%200.3s%3B%0A%20%20%20border-radius%3A50%25%3B%0A%20%7D%0A%23rev_slider_4_1%20.zeus%20.tp-arr-imgholder%20%7B%0A%20%20width%3A100%25%3B%0A%20%20height%3A100%25%3B%0A%20%20position%3Aabsolute%3B%0A%20%20top%3A0px%3B%0A%20%20left%3A0px%3B%0A%20%20background-position%3Acenter%20center%3B%0A%20%20background-size%3Acover%3B%0A%20%20border-radius%3A50%25%3B%0A%20%20transform%3Atranslatex%28-100%25%29%3B%0A%20%20-webkit-transform%3Atranslatex%28-100%25%29%3B%0A%20%20%20transition%3A%20all%200.3s%3B%0A%20%20-webkit-transition%3Aall%200.3s%3B%0A%20%20-moz-transition%3Aall%200.3s%3B%0A%0A%20%7D%0A%23rev_slider_4_1%20.zeus.tp-rightarrow%20.tp-arr-imgholder%20%7B%0A%20%20%20%20transform%3Atranslatex%28100%25%29%3B%0A%20%20-webkit-transform%3Atranslatex%28100%25%29%3B%0A%20%20%20%20%20%20%7D%0A%23rev_slider_4_1%20.zeus.tparrows%3Ahover%20.tp-arr-imgholder%20%7B%0A%20%20transform%3Atranslatex%280%29%3B%0A%20%20-webkit-transform%3Atranslatex%280%29%3B%0A%20%20opacity%3A1%3B%0A%7D%0A%20%20%20%20%20%20%0A%23rev_slider_4_1%20.zeus.tparrows%3Ahover%20.tp-title-wrap%20%7B%0A%20%20transform%3Ascale%281%29%3B%0A%20%20-webkit-transform%3Ascale%281%29%3B%0A%20%20opacity%3A1%3B%0A%7D%0A%20%0A%23rev_slider_4_1%20.metis%20.tp-bullet%20%7B%20%0A%20%20%20%20opacity%3A1%3B%0A%20%20%20%20width%3A50px%3B%0A%20%20%20%20height%3A50px%3B%20%20%20%20%0A%20%20%20%20padding%3A3px%3B%0A%20%20%20%20background-color%3Argba%280%2C%200%2C%200%2C0.25%29%3B%0A%20%20%20%20margin%3A0px%3B%0A%20%20%20%20box-sizing%3Aborder-box%3B%0A%20%20%20%20transition%3Aall%200.3s%3B%0A%20%20%20%20-webkit-transition%3Aall%200.3s%3B%0A%20%20%20%20border-radius%3A50%25%3B%0A%20%20%7D%0A%0A%23rev_slider_4_1%20.metis%20.tp-bullet-image%20%7B%0A%0A%20%20%20border-radius%3A50%25%3B%0A%20%20%20display%3Ablock%3B%0A%20%20%20box-sizing%3Aborder-box%3B%0A%20%20%20position%3Arelative%3B%0A%20%20%20%20-webkit-box-shadow%3A%20inset%205px%205px%2010px%200px%20rgba%280%2C0%2C0%2C0.25%29%3B%0A%20%20-moz-box-shadow%3A%20inset%205px%205px%2010px%200px%20rgba%280%2C0%2C0%2C0.25%29%3B%0A%20%20box-shadow%3A%20inset%205px%205px%2010px%200px%20rgba%280%2C0%2C0%2C0.25%29%3B%0A%20%20width%3A100%25%3B%0A%20%20height%3A100%25%3B%0A%20%20background-size%3Acover%3B%0A%20%20background-position%3Acenter%20center%3B%0A%20%7D%20%20%0A%23rev_slider_4_1%20.metis%20.tp-bullet-title%20%7B%20%0A%20%20%20%20%20position%3Aabsolute%3B%20%0A%20%20%20%20%20bottom%3A50px%3B%0A%20%20%20%20%20margin-bottom%3A10px%3B%0A%20%20%20%20%20display%3Ainline-block%3B%0A%20%20%20%20%20left%3A50%25%3B%0A%20%20%20%20%20background%3A%23000%3B%0A%20%20%20%20%20background%3Argba%280%2C%200%2C%200%2C0.75%29%3B%0A%20%20%20%20%20color%3Argb%28255%2C%20255%2C%20255%29%3B%0A%20%20%20%20%20padding%3A10px%2030px%3B%0A%20%20%20%20%20border-radius%3A4px%3B%0A%20%20%20-webkit-border-radius%3A4px%3B%0A%20%20%20%20%20opacity%3A0%3B%0A%20%20%20%20%20%20transition%3Aall%200.3s%3B%0A%20%20%20%20-webkit-transition%3Aall%200.3s%3B%0A%20%20%20%20transform%3A%20translatez%280.001px%29%20translatex%28-50%25%29%20translatey%2814px%29%3B%0A%20%20%20%20transform-origin%3A50%25%20100%25%3B%0A%20%20%20%20-webkit-transform%3A%20translatez%280.001px%29%20translatex%28-50%25%29%20translatey%2814px%29%3B%0A%20%20%20%20-webkit-transform-origin%3A50%25%20100%25%3B%0A%20%20%20%20opacity%3A0%3B%0A%20%20%20%20white-space%3Anowrap%3B%0A%20%7D%0A%0A%23rev_slider_4_1%20.metis%20.tp-bullet%3Ahover%20.tp-bullet-title%20%7B%0A%20%20%20%20%20transform%3Arotatex%280deg%29%20translatex%28-50%25%29%3B%0A%20%20%20%20-webkit-transform%3Arotatex%280deg%29%20translatex%28-50%25%29%3B%0A%20%20%20%20opacity%3A1%3B%0A%7D%0A%0A%23rev_slider_4_1%20.metis%20.tp-bullet.selected%2C%0A%23rev_slider_4_1%20.metis%20.tp-bullet%3Ahover%20%20%7B%0Abackground%3A%20-moz-linear-gradient%28top%2C%20%20rgba%28255%2C%20255%2C%20255%2C%201%29%200%25%2C%20rgba%28119%2C%20119%2C%20119%2C%201%29%20100%25%29%3B%0Abackground%3A%20-webkit-gradient%28left%20top%2C%20left%20bottom%2C%20color-stop%280%25%2C%20rgba%28255%2C%20255%2C%20255%2C%201%29%29%2C%20color-stop%28100%25%2C%20rgba%28119%2C%20119%2C%20119%2C%201%29%29%29%3B%0Abackground%3A%20-webkit-linear-gradient%28top%2C%20rgba%28255%2C%20255%2C%20255%2C%201%29%200%25%2C%20rgba%28119%2C%20119%2C%20119%2C%201%29%20100%25%29%3B%0Abackground%3A%20-o-linear-gradient%28top%2C%20rgba%28255%2C%20255%2C%20255%2C%201%29%200%25%2C%20rgba%28119%2C%20119%2C%20119%2C%201%29%20100%25%29%3B%0Abackground%3A%20-ms-linear-gradient%28top%2C%20rgba%28255%2C%20255%2C%20255%2C%201%29%200%25%2C%20rgba%28119%2C%20119%2C%20119%2C%201%29%20100%25%29%3B%0Abackground%3A%20linear-gradient%28to%20bottom%2C%20rgba%28255%2C%20255%2C%20255%2C%201%29%200%25%2C%20rgba%28119%2C%20119%2C%20119%2C%201%29%20100%25%29%3B%0A%20%20%7D%0A%23rev_slider_4_1%20.metis%20.tp-bullet-title%3Aafter%20%7B%0A%20%20%20%20content%3A%22%20%22%3B%0A%20%20%20%20position%3Aabsolute%3B%0A%20%20%20%20left%3A50%25%3B%0A%20%20%20%20margin-left%3A-8px%3B%0A%20%20%20%20width%3A%200%3B%0A%20%20%20%20height%3A%200%3B%0A%20%20%20%20border-style%3A%20solid%3B%0A%20%20%20%20border-width%3A%208px%208px%200%208px%3B%0A%20%20%20%20border-color%3A%20rgba%280%2C%200%2C%200%2C0.75%29%20transparent%20transparent%20transparent%3B%0A%20%20%20%20bottom%3A-8px%3B%0A%20%20%20%7D%0A%0A%0A%0A%2F%2A%20VERTICAL%20RIGHT%20%2A%2F%0A%23rev_slider_4_1%20.metis.nav-dir-vertical.nav-pos-hor-right%20.tp-bullet-title%20%7B%20%0A%20%20%20margin-bottom%3A0px%3B%20top%3A50%25%3B%20right%3A50px%3B%20left%3Aauto%3B%20bottom%3Aauto%3B%20margin-right%3A10px%3B%20%20transform%3A%20translateX%28-10px%29%20translateY%28-50%25%29%3B-webkit-transform%3A%20translateX%28-10px%29%20translateY%28-50%25%29%3B%20%0A%7D%20%20%0A%23rev_slider_4_1%20.metis.nav-dir-vertical.nav-pos-hor-right%20.tp-bullet-title%3Aafter%20%7B%20%0A%20%20border-width%3A%2010px%200%2010px%2010px%3B%0A%20%20border-color%3A%20%20transparent%20transparent%20transparent%20rgba%280%2C%200%2C%200%2C0.75%29%20%3B%0A%20%20right%3A-10px%3B%0A%20%20left%3Aauto%3B%20%20%0A%20%20bottom%3Aauto%3B%0A%20%20top%3A10px%3B%20%20%20%20%0A%7D%0A%0A%0A%23rev_slider_4_1%20.metis.nav-dir-vertical.nav-pos-hor-right%20.tp-bullet%3Ahover%20.tp-bullet-title%7B%0A%20%20%20transform%3AtranslateY%28-50%25%29%20translateX%280px%29%3B%0A%20%20-webkit-transform%3AtranslateY%28-50%25%29%20translateX%280px%29%3B%0A%7D%0A%0A%2F%2A%20VERTICAL%20LEFT%20%26%26%20CENTER%2A%2F%0A%23rev_slider_4_1%20.metis.nav-dir-vertical.nav-pos-hor-left%20.tp-bullet-title%2C%0A%23rev_slider_4_1%20.metis.nav-dir-vertical.nav-pos-hor-center%20.tp-bullet-title%20%7B%20%0A%20%20%20margin-bottom%3A0px%3B%20top%3A50%25%3B%20left%3A50px%3B%20right%3Aauto%3B%20bottom%3Aauto%3B%20margin-left%3A10px%3B%20%20transform%3A%20translateX%2810px%29%20translateY%28-50%25%29%3B-webkit-transform%3A%20translateX%2810px%29%20translateY%28-50%25%29%3B%20%0A%7D%20%20%0A%23rev_slider_4_1%20.metis.nav-dir-vertical.nav-pos-hor-left%20.tp-bullet-title%3Aafter%2C%0A%23rev_slider_4_1%20.metis.nav-dir-vertical.nav-pos-hor-center%20.tp-bullet-title%3Aafter%20%7B%20%0A%20%20border-width%3A%2010px%2010px%2010px%200%3B%0A%20%20border-color%3A%20%20transparent%20rgba%280%2C%200%2C%200%2C0.75%29%20%20transparent%20transparent%20%3B%0A%20%20left%3A-2px%3B%0A%20%20right%3Aauto%3B%20%20%0A%20%20bottom%3Aauto%3B%0A%20%20top%3A10px%3B%20%20%20%20%0A%7D%0A%0A%0A%23rev_slider_4_1%20.metis.nav-dir-vertical.nav-pos-hor-left%20.tp-bullet%3Ahover%20.tp-bullet-title%2C%0A%23rev_slider_4_1%20.metis.nav-dir-vertical.nav-pos-hor-center%20.tp-bullet%3Ahover%20.tp-bullet-title%7B%0A%20%20%20transform%3AtranslateY%28-50%25%29%20translateX%280px%29%3B%0A%20%20-webkit-transform%3AtranslateY%28-50%25%29%20translateX%280px%29%3B%0A%7D%0A%0A%0A%2F%2A%20HORIZONTAL%20TOP%20%2A%2F%0A%23rev_slider_4_1%20.metis.nav-dir-horizontal.nav-pos-ver-top%20.tp-bullet-title%20%7B%20%0A%20%20%20margin-bottom%3A0px%3B%20top%3A50px%3B%20left%3A50%25%3B%20bottom%3Aauto%3B%20margin-top%3A10px%3B%20right%3Aauto%3B%20transform%3A%20translateX%28-50%25%29%20translateY%2810px%29%3B-webkit-transform%3A%20translateX%28-50%25%29%20translateY%2810px%29%3B%20%0A%7D%20%20%0A%23rev_slider_4_1%20.metis.nav-dir-horizontal.nav-pos-ver-top%20.tp-bullet-title%3Aafter%20%7B%20%0A%20%20border-width%3A%200%2010px%2010px%2010px%3B%0A%20%20border-color%3A%20%20transparent%20transparent%20rgba%280%2C%200%2C%200%2C0.75%29%20transparent%3B%0A%20%20right%3Aauto%3B%0A%20%20left%3A50%25%3B%0A%20%20margin-left%3A-10px%3B%0A%20%20bottom%3Aauto%3B%0A%20%20top%3A-10px%3B%0A%20%20%20%20%0A%7D%0A%0A%0A%23rev_slider_4_1%20.metis.nav-dir-horizontal.nav-pos-ver-top%20.tp-bullet%3Ahover%20.tp-bullet-title%7B%0A%20%20%20transform%3AtranslateX%28-50%25%29%20translatey%280px%29%3B%0A%20%20-webkit-transform%3AtranslateX%28-50%25%29%20translatey%280px%29%3B%0A%7D%0A%0A%0A\");\r\n\t\t\t\t\tvar htmlDiv = document.getElementById('rs-plugin-settings-inline-css');\r\n\t\t\t\t\tif(htmlDiv) {\r\n\t\t\t\t\t\thtmlDiv.innerHTML = htmlDiv.innerHTML + htmlDivCss;\r\n\t\t\t\t\t}\r\n\t\t\t\t\telse{\r\n\t\t\t\t\t\tvar htmlDiv = document.createElement('div');\r\n\t\t\t\t\t\thtmlDiv.innerHTML = '<style>' + htmlDivCss + '<\/style>';\r\n\t\t\t\t\t\tdocument.getElementsByTagName('head')[0].appendChild(htmlDiv.childNodes[0]);\r\n\t\t\t\t\t}\r\n\t\t\t\t  <\/script>\r\n\t\t\t\t<\/div><!-- END REVOLUTION SLIDER -->\n<p>&nbsp;<\/p>\n<p>Nofate Auto este o companie de \u00eenchirieri ma\u0219ini care a fost \u00eenfiin\u021bat\u0103 \u00een 2008, \u00een Odorheiu Secuiesc, Rom\u00e2nia. Compania noastr\u0103 ofer\u0103 o gam\u0103 larg\u0103 de autoturisme \u0219i microbuze moderne de care pute\u021bi alege, fie pentru \u00eenchiriere pe termen scurt sau lung. Oricare ar fi nevoile dumneavoastr\u0103 de transport, v\u0103 putem adapta, prietenii \u0219i familia. R\u0103sfoi\u021bi gama noastr\u0103 larg\u0103, alege\u021bi cea mai potrivit\u0103 ma\u0219in\u0103 pentru a\u0219tept\u0103rile dumnevoastr\u0103 \u0219i \u00eencepe\u021bi c\u0103l\u0103toria cu Nofate Auto. Ne rezerv\u0103m dreptul de a ne alege clien\u021bii. Pre\u021burile afi\u0219ate pe site sunt valabile doar pe teritoriul Rom\u00e2niei.<\/p>\n","protected":false},"excerpt":{"rendered":"<p>&nbsp; Nofate Auto este o companie de \u00eenchirieri ma\u0219ini care a fost \u00eenfiin\u021bat\u0103 \u00een 2008, \u00een Odorheiu Secuiesc, Rom\u00e2nia. Compania noastr\u0103 ofer\u0103 o gam\u0103 larg\u0103 de autoturisme \u0219i microbuze moderne de care pute\u021bi alege, fie pentru \u00eenchiriere pe termen scurt [&hellip;]<\/p>\n","protected":false},"author":1,"featured_media":0,"parent":0,"menu_order":0,"comment_status":"closed","ping_status":"closed","template":"carcat-f.php","meta":[],"translation":{"provider":"WPGlobus","version":"2.8.11","language":"ro","enabled_languages":["hu","en","ro"],"languages":{"hu":{"title":true,"content":true,"excerpt":false},"en":{"title":true,"content":true,"excerpt":false},"ro":{"title":true,"content":true,"excerpt":false}}},"_links":{"self":[{"href":"https:\/\/nofate.ro\/ro\/wp-json\/wp\/v2\/pages\/343"}],"collection":[{"href":"https:\/\/nofate.ro\/ro\/wp-json\/wp\/v2\/pages"}],"about":[{"href":"https:\/\/nofate.ro\/ro\/wp-json\/wp\/v2\/types\/page"}],"author":[{"embeddable":true,"href":"https:\/\/nofate.ro\/ro\/wp-json\/wp\/v2\/users\/1"}],"replies":[{"embeddable":true,"href":"https:\/\/nofate.ro\/ro\/wp-json\/wp\/v2\/comments?post=343"}],"version-history":[{"count":5,"href":"https:\/\/nofate.ro\/ro\/wp-json\/wp\/v2\/pages\/343\/revisions"}],"predecessor-version":[{"id":369,"href":"https:\/\/nofate.ro\/ro\/wp-json\/wp\/v2\/pages\/343\/revisions\/369"}],"wp:attachment":[{"href":"https:\/\/nofate.ro\/ro\/wp-json\/wp\/v2\/media?parent=343"}],"curies":[{"name":"wp","href":"https:\/\/api.w.org\/{rel}","templated":true}]}}